{"id":98,"date":"2020-01-01T00:01:47","date_gmt":"2019-12-31T23:01:47","guid":{"rendered":"https:\/\/crebita.de\/web\/?page_id=98"},"modified":"2025-03-14T09:54:45","modified_gmt":"2025-03-14T08:54:45","slug":"impressum","status":"publish","type":"page","link":"https:\/\/crebita.de\/web\/impressum\/","title":{"rendered":"Impressum &#038; Erstinformationen"},"content":{"rendered":"<section class=\"wpb-content-wrapper\"><p>[vc_row row_height_percent=&#8220;0&#8243; back_color=&#8220;color-504064&#8243; back_image=&#8220;595&#8243; back_repeat=&#8220;no-repeat&#8220; back_position=&#8220;right center&#8220; overlay_alpha=&#8220;50&#8243; gutter_size=&#8220;3&#8243; column_width_percent=&#8220;100&#8243; shift_y=&#8220;0&#8243; z_index=&#8220;0&#8243;][vc_column column_width_percent=&#8220;100&#8243; gutter_size=&#8220;3&#8243; style=&#8220;dark&#8220; overlay_alpha=&#8220;50&#8243; shift_x=&#8220;0&#8243; shift_y=&#8220;0&#8243; shift_y_down=&#8220;0&#8243; z_index=&#8220;0&#8243; medium_width=&#8220;0&#8243; mobile_width=&#8220;0&#8243; width=&#8220;1\/3&#8243;][vc_icon position=&#8220;left&#8220; display=&#8220;inline&#8220; icon=&#8220;fa fa-apartment&#8220; icon_color=&#8220;accent&#8220; size=&#8220;fa-4x&#8220; heading_semantic=&#8220;p&#8220; text_size=&#8220;h4&#8243; title=&#8220;crebita GmbH&#8220;]Am Kabellager 11<br \/>\n51063 K\u00f6ln[\/vc_icon][\/vc_column][vc_column column_width_percent=&#8220;100&#8243; gutter_size=&#8220;3&#8243; style=&#8220;dark&#8220; overlay_alpha=&#8220;50&#8243; shift_x=&#8220;0&#8243; shift_y=&#8220;0&#8243; shift_y_down=&#8220;0&#8243; z_index=&#8220;0&#8243; medium_width=&#8220;0&#8243; mobile_width=&#8220;0&#8243; width=&#8220;1\/3&#8243;][vc_icon position=&#8220;left&#8220; display=&#8220;inline&#8220; icon=&#8220;fa fa-envelope3&#8243; icon_color=&#8220;accent&#8220; size=&#8220;fa-4x&#8220; heading_semantic=&#8220;p&#8220; text_size=&#8220;h4&#8243; title=&#8220;service@crebita.de&#8220; uncode_shortcode_id=&#8220;181233&#8243; icon_color_type=&#8220;uncode-palette&#8220;][\/vc_icon][\/vc_column][vc_column column_width_percent=&#8220;100&#8243; gutter_size=&#8220;3&#8243; style=&#8220;dark&#8220; overlay_alpha=&#8220;50&#8243; shift_x=&#8220;0&#8243; shift_y=&#8220;0&#8243; shift_y_down=&#8220;0&#8243; z_index=&#8220;0&#8243; medium_width=&#8220;0&#8243; mobile_width=&#8220;0&#8243; width=&#8220;1\/3&#8243;][vc_icon position=&#8220;left&#8220; display=&#8220;inline&#8220; icon=&#8220;fa fa-chat&#8220; icon_color=&#8220;accent&#8220; size=&#8220;fa-4x&#8220; heading_semantic=&#8220;p&#8220; text_size=&#8220;h4&#8243; title=&#8220;+49 221\/ 670 599 30&#8243;](Mo.-Fr. 9:00 bis 18:00 Uhr)[\/vc_icon][\/vc_column][\/vc_row][vc_row row_height_percent=&#8220;1&#8243; back_color=&#8220;accent&#8220; overlay_alpha=&#8220;50&#8243; gutter_size=&#8220;3&#8243; column_width_percent=&#8220;100&#8243; shift_y=&#8220;0&#8243; z_index=&#8220;0&#8243; top_divider=&#8220;triangle&#8220; enable_bottom_divider=&#8220;default&#8220; bottom_divider_inv=&#8220;triangle&#8220; shape_bottom_invert=&#8220;yes&#8220; shape_bottom_h_use_pixel=&#8220;true&#8220; shape_bottom_height_percent=&#8220;70&#8243; shape_bottom_color=&#8220;color-xsdn&#8220; shape_bottom_opacity=&#8220;100&#8243; shape_bottom_index=&#8220;0&#8243;][vc_column width=&#8220;1\/1&#8243;][\/vc_column][\/vc_row][vc_row][vc_column width=&#8220;1\/2&#8243;][vc_column_text uncode_shortcode_id=&#8220;180119&#8243;]crebita GmbH<br \/>\nAm Kabellager 11<br \/>\n51063 K\u00f6ln<br \/>\nTelefon: 0221\/ 670 599 30<br \/>\nE-Mail: <a href=\"mailto:service@crebita.de\">service@crebita.de<\/a><\/p>\n<p><strong>Gesch\u00e4ftsf\u00fchrer: <\/strong>Karsten Bahns, Dominik Menn,<br \/>\nSven Wolter<\/p>\n<p><strong>Handelsregister:<\/strong> Amtsgericht K\u00f6ln HRB 95573<br \/>\nBerufsbezeichnung: Versicherungsvertreter mit Erlaubnis nach \u00a7 34d Abs. 1 Gewerbeordnung,<br \/>\nBundesrepublik Deutschland<br \/>\nRegistrierungs-Nr. D-7B2B-GE71T-81<\/p>\n<p><strong>Aufsichtsbeh\u00f6rde und zust\u00e4ndige Beh\u00f6rde f\u00fcr die Erlaubnis:<br \/>\n<\/strong>Industrie- und Handelskammer zu K\u00f6ln<br \/>\nUnter Sachsenhausen 10-26<br \/>\n50667 K\u00f6ln, Deutschland<\/p>\n<p><strong>Die Eintragung kann wie folgt \u00fcberpr\u00fcft werden:<\/strong><\/p>\n<p>Deutsche Industrie- und Handelskammer<br \/>\nBreite Stra\u00dfe 29<br \/>\n10178 Berlin, Deutschland<br \/>\nTelefon: 0180 \u2013 600 585 0*<\/p>\n<p><a href=\"http:\/\/www.vermittlerregister.info\">www.vermittlerregister.info<\/a><\/p>\n<p>* Festnetzpreis 0,20\u20ac\/Anruf; Mobilfunkpreise maximal 0,60 \u20ac\/Anruf<\/p>\n<p><strong>Schlichtungsstellen:<\/strong><\/p>\n<p>Gem\u00e4\u00df \u00a7 36 VSBG und \u00a7 17 Abs. 4 VersVermV teilen wir mit, dass wir verpflichtet und bereit sind an einem Streitbeilegungsverfahren teilzunehmen. Folgende Schlichtungsstellen k\u00f6nnen angerufen werden:<\/p>\n<p>Versicherungsombudsmann e.V.<br \/>\nPostfach 08 06 32<br \/>\n10006 Berlin, Deutschland<br \/>\n<a href=\"http:\/\/www.versicherungsombudsmann.de\">www.versicherungsombudsmann.de<\/a><\/p>\n<p>Ombudsmann Private Kranken- und Pflegeversicherung<br \/>\nPostfach 06 02 22<br \/>\n10052 Berlin, Deutschland<br \/>\n<a href=\"http:\/\/www.pkv-ombudsmann.de\">www.pkv-ombudsmann.de<\/a><\/p>\n<p>Europ\u00e4ische Kommission<br \/>\nOnline-Streitbeilegungsplattform (OS-Plattform)<br \/>\n<a href=\"http:\/\/ec.europa.eu\/consumers\/odr\">http:\/\/ec.europa.eu\/consumers\/odr<\/a>[\/vc_column_text][\/vc_column][vc_column width=&#8220;1\/2&#8243;][vc_column_text uncode_shortcode_id=&#8220;115467&#8243;]<strong>Beschwerdemanagement:<\/strong><\/p>\n<p>Beschwerden sind in Textform an die Gesch\u00e4ftsf\u00fchrung zu richten und werden im Rahmen unseres Beschwerdemanagements unverz\u00fcglich bearbeitet.<\/p>\n<p><strong>Berufsrechtliche Regelungen sind insbesondere:<\/strong><\/p>\n<ul>\n<li>34d Gewerbeordnung (GewO)<\/li>\n<li>\u00a7 59 \u2013 68 Gesetz \u00fcber den Versicherungsvertrag (VVG)<\/li>\n<li>Verordnung \u00fcber die Versicherungsvermittlung und -beratung (VersVermV)<\/li>\n<\/ul>\n<p>Die berufsrechtlichen Regelungen k\u00f6nnen \u00fcber die vom Bundesministerium der Justiz und von der juris GmbH betriebene Homepage <a href=\"http:\/\/www.gesetze-im-internet.de\">www.gesetze-im-internet.de<\/a> eingesehen und abgerufen werden.<\/p>\n<p>Die crebita GmbH besitzt weder direkte noch indirekte Beteiligungen von \u00fcber zehn Prozent an den Stimmrechten oder am Kapital eines Versicherungsunternehmens noch besitzen Versicherungsunternehmen oder Mutterunternehmen von Versicherungsunternehmen eine direkte oder indirekte Beteiligung von \u00fcber zehn Prozent an den Stimmrechten oder am Kapital der crebita GmbH.<\/p>\n<p>Die crebita GmbH bietet Ihnen Beratung und Vermittlung in der Sparte Kreditversicherung. Sie erh\u00e4lt daf\u00fcr eine Verg\u00fctung in Form einer Provision, die vom jeweils vertretenen Versicherungsunternehmen im Rahmen der bestehenden Agenturvertr\u00e4ge \u00fcbernommen wird.[\/vc_column_text][\/vc_column][\/vc_row]<\/p>\n<\/section>","protected":false},"excerpt":{"rendered":"<p>[vc_row row_height_percent=&#8220;0&#8243; back_color=&#8220;color-504064&#8243; back_image=&#8220;595&#8243; back_repeat=&#8220;no-repeat&#8220; back_position=&#8220;right center&#8220; overlay_alpha=&#8220;50&#8243; gutter_size=&#8220;3&#8243; column_width_percent=&#8220;100&#8243; shift_y=&#8220;0&#8243; z_index=&#8220;0&#8243;][vc_column column_width_percent=&#8220;100&#8243; gutter_size=&#8220;3&#8243; style=&#8220;dark&#8220; overlay_alpha=&#8220;50&#8243; shift_x=&#8220;0&#8243; shift_y=&#8220;0&#8243; shift_y_down=&#8220;0&#8243; z_index=&#8220;0&#8243; [&hellip;]<\/p>\n","protected":false},"author":2,"featured_media":0,"parent":0,"menu_order":0,"comment_status":"closed","ping_status":"closed","template":"","meta":[],"_links":{"self":[{"href":"https:\/\/crebita.de\/web\/wp-json\/wp\/v2\/pages\/98"}],"collection":[{"href":"https:\/\/crebita.de\/web\/wp-json\/wp\/v2\/pages"}],"about":[{"href":"https:\/\/crebita.de\/web\/wp-json\/wp\/v2\/types\/page"}],"author":[{"embeddable":true,"href":"https:\/\/crebita.de\/web\/wp-json\/wp\/v2\/users\/2"}],"replies":[{"embeddable":true,"href":"https:\/\/crebita.de\/web\/wp-json\/wp\/v2\/comments?post=98"}],"version-history":[{"count":80,"href":"https:\/\/crebita.de\/web\/wp-json\/wp\/v2\/pages\/98\/revisions"}],"predecessor-version":[{"id":1851,"href":"https:\/\/crebita.de\/web\/wp-json\/wp\/v2\/pages\/98\/revisions\/1851"}],"wp:attachment":[{"href":"https:\/\/crebita.de\/web\/wp-json\/wp\/v2\/media?parent=98"}],"curies":[{"name":"wp","href":"https:\/\/api.w.org\/{rel}","templated":true}]}}