{"id":896,"date":"2018-06-28T10:52:39","date_gmt":"2018-06-28T08:52:39","guid":{"rendered":"https:\/\/crebita.de\/web\/?page_id=896"},"modified":"2018-06-28T10:52:39","modified_gmt":"2018-06-28T08:52:39","slug":"laenderliste-nichtzahlungstatbestand","status":"publish","type":"page","link":"https:\/\/crebita.de\/web\/laenderliste-nichtzahlungstatbestand\/","title":{"rendered":"L\u00e4nderliste Nichtzahlungstatbestand"},"content":{"rendered":"<p><strong>L\u00e4nderliste Nichtzahlungstatbestand<\/strong><\/p>\n<p>Bei Ihrem Inlandskunden oder Auslandskunden mit Sitz in Belgien, D\u00e4nemark, Finnland, Island,<br \/>\nLuxemburg, Niederlande, Norwegen, \u00d6sterreich, Schweden, Schweiz liegt die Zahlungsunf\u00e4higkeit<br \/>\nauch dann vor, wenn dieser Ihre Forderung nicht innerhalb von 2 Monaten nach der urspr\u00fcnglichen<br \/>\nF\u00e4lligkeit bezahlt hat.<\/p>\n","protected":false},"excerpt":{"rendered":"<p>L\u00e4nderliste Nichtzahlungstatbestand Bei Ihrem Inlandskunden oder Auslandskunden mit Sitz in Belgien, D\u00e4nemark, Finnland, Island, Luxemburg, Niederlande, Norwegen, \u00d6sterreich, Schweden, Schweiz [&hellip;]<\/p>\n","protected":false},"author":2,"featured_media":0,"parent":0,"menu_order":0,"comment_status":"closed","ping_status":"closed","template":"","meta":[],"_links":{"self":[{"href":"https:\/\/crebita.de\/web\/wp-json\/wp\/v2\/pages\/896"}],"collection":[{"href":"https:\/\/crebita.de\/web\/wp-json\/wp\/v2\/pages"}],"about":[{"href":"https:\/\/crebita.de\/web\/wp-json\/wp\/v2\/types\/page"}],"author":[{"embeddable":true,"href":"https:\/\/crebita.de\/web\/wp-json\/wp\/v2\/users\/2"}],"replies":[{"embeddable":true,"href":"https:\/\/crebita.de\/web\/wp-json\/wp\/v2\/comments?post=896"}],"version-history":[{"count":1,"href":"https:\/\/crebita.de\/web\/wp-json\/wp\/v2\/pages\/896\/revisions"}],"predecessor-version":[{"id":897,"href":"https:\/\/crebita.de\/web\/wp-json\/wp\/v2\/pages\/896\/revisions\/897"}],"wp:attachment":[{"href":"https:\/\/crebita.de\/web\/wp-json\/wp\/v2\/media?parent=896"}],"curies":[{"name":"wp","href":"https:\/\/api.w.org\/{rel}","templated":true}]}}