{"id":843,"date":"2018-06-27T13:24:08","date_gmt":"2018-06-27T11:24:08","guid":{"rendered":"https:\/\/crebita.de\/web\/?page_id=843"},"modified":"2025-12-02T20:07:33","modified_gmt":"2025-12-02T19:07:33","slug":"crebita-plus","status":"publish","type":"page","link":"https:\/\/crebita.de\/web\/crebita-plus\/","title":{"rendered":"crebita.plus"},"content":{"rendered":"<section class=\"wpb-content-wrapper\"><p>[vc_row row_height_percent=&#8220;0&#8243; override_padding=&#8220;yes&#8220; h_padding=&#8220;2&#8243; top_padding=&#8220;3&#8243; bottom_padding=&#8220;3&#8243; back_color=&#8220;color-504064&#8243; back_image=&#8220;595&#8243; overlay_alpha=&#8220;50&#8243; gutter_size=&#8220;3&#8243; column_width_percent=&#8220;100&#8243; shift_y=&#8220;0&#8243; z_index=&#8220;0&#8243;][vc_column column_width_percent=&#8220;100&#8243; position_vertical=&#8220;middle&#8220; gutter_size=&#8220;3&#8243; style=&#8220;dark&#8220; overlay_alpha=&#8220;50&#8243; shift_x=&#8220;0&#8243; shift_y=&#8220;0&#8243; shift_y_down=&#8220;0&#8243; z_index=&#8220;0&#8243; medium_width=&#8220;0&#8243; mobile_width=&#8220;0&#8243; width=&#8220;1\/3&#8243;][vc_custom_heading heading_semantic=&#8220;p&#8220; text_size=&#8220;h1&#8243; text_weight=&#8220;400&#8243;]<strong><span style=\"color: #0ab4c7;\">Ihre Vorteile<\/span><\/strong> auf einen Blick[\/vc_custom_heading][\/vc_column][vc_column column_width_percent=&#8220;100&#8243; gutter_size=&#8220;2&#8243; override_padding=&#8220;yes&#8220; column_padding=&#8220;0&#8243; style=&#8220;dark&#8220; overlay_alpha=&#8220;50&#8243; shift_x=&#8220;0&#8243; shift_y=&#8220;0&#8243; shift_y_down=&#8220;0&#8243; z_index=&#8220;0&#8243; medium_width=&#8220;0&#8243; mobile_width=&#8220;0&#8243; width=&#8220;1\/3&#8243;][vc_icon position=&#8220;left&#8220; icon_image=&#8220;719&#8243; heading_semantic=&#8220;p&#8220; text_size=&#8220;h4&#8243; text_weight=&#8220;300&#8243; title=&#8220;erg\u00e4nzt unzureichende Limite Ihrer bestehenden Kreditversicherung&#8220;][\/vc_icon][vc_icon position=&#8220;left&#8220; icon_image=&#8220;719&#8243; heading_semantic=&#8220;p&#8220; text_size=&#8220;h4&#8243; text_weight=&#8220;300&#8243; title=&#8220;Entscheidungen i.d.R. binnen 2 Werktagen&#8220; uncode_shortcode_id=&#8220;128888&#8243;][\/vc_icon][vc_icon position=&#8220;left&#8220; icon_image=&#8220;719&#8243; heading_semantic=&#8220;p&#8220; text_size=&#8220;h4&#8243; text_weight=&#8220;300&#8243; title=&#8220;flexible Vertragslaufzeiten und K\u00fcndigungsfristen&#8220;][\/vc_icon][\/vc_column][vc_column column_width_percent=&#8220;100&#8243; gutter_size=&#8220;2&#8243; style=&#8220;dark&#8220; overlay_alpha=&#8220;50&#8243; shift_x=&#8220;0&#8243; shift_y=&#8220;0&#8243; shift_y_down=&#8220;0&#8243; z_index=&#8220;0&#8243; medium_width=&#8220;0&#8243; mobile_width=&#8220;0&#8243; width=&#8220;1\/3&#8243;][vc_icon position=&#8220;left&#8220; icon_image=&#8220;719&#8243; heading_semantic=&#8220;p&#8220; text_size=&#8220;h4&#8243; text_weight=&#8220;300&#8243; title=&#8220;Entsch\u00e4digungsanspruch abtretbar an Bank oder Factor&#8220;][\/vc_icon][vc_icon position=&#8220;left&#8220; icon_image=&#8220;719&#8243; heading_semantic=&#8220;p&#8220; text_size=&#8220;h4&#8243; text_weight=&#8220;300&#8243; title=&#8220;\u00dcbernahme der Versicherungsfall-Definition des Erstversicherungsvertrags&#8220;][\/vc_icon][vc_icon position=&#8220;left&#8220; icon_image=&#8220;719&#8243; heading_semantic=&#8220;p&#8220; text_size=&#8220;h4&#8243; text_weight=&#8220;300&#8243; title=&#8220;feste Limit-Pr\u00e4mie i. H. v. 2,50% oder 2,85% p.a. netto&#8220; uncode_shortcode_id=&#8220;136502&#8243;][\/vc_icon][\/vc_column][\/vc_row][vc_row row_height_percent=&#8220;0&#8243; back_color=&#8220;accent&#8220; overlay_alpha=&#8220;50&#8243; gutter_size=&#8220;3&#8243; column_width_percent=&#8220;100&#8243; shift_y=&#8220;0&#8243; z_index=&#8220;0&#8243; enable_bottom_divider=&#8220;default&#8220; bottom_divider_inv=&#8220;triangle&#8220; shape_bottom_invert=&#8220;yes&#8220; shape_bottom_h_use_pixel=&#8220;true&#8220; shape_bottom_height_percent=&#8220;70&#8243; shape_bottom_color=&#8220;color-xsdn&#8220; shape_bottom_opacity=&#8220;100&#8243; shape_bottom_index=&#8220;0&#8243;][vc_column width=&#8220;1\/1&#8243;][\/vc_column][\/vc_row][vc_row row_height_percent=&#8220;0&#8243; override_padding=&#8220;yes&#8220; h_padding=&#8220;2&#8243; top_padding=&#8220;3&#8243; bottom_padding=&#8220;1&#8243; overlay_alpha=&#8220;50&#8243; gutter_size=&#8220;3&#8243; column_width_percent=&#8220;100&#8243; shift_y=&#8220;0&#8243; z_index=&#8220;0&#8243;][vc_column column_width_percent=&#8220;100&#8243; gutter_size=&#8220;3&#8243; overlay_alpha=&#8220;50&#8243; shift_x=&#8220;0&#8243; shift_y=&#8220;0&#8243; shift_y_down=&#8220;0&#8243; z_index=&#8220;0&#8243; medium_width=&#8220;4&#8243; mobile_width=&#8220;0&#8243; width=&#8220;1\/4&#8243;][vc_single_image media=&#8220;844&#8243; media_width_use_pixel=&#8220;yes&#8220;][\/vc_column][vc_column width=&#8220;3\/4&#8243;][\/vc_column][\/vc_row][vc_row row_height_percent=&#8220;0&#8243; override_padding=&#8220;yes&#8220; h_padding=&#8220;2&#8243; top_padding=&#8220;2&#8243; bottom_padding=&#8220;2&#8243; overlay_alpha=&#8220;50&#8243; equal_height=&#8220;yes&#8220; gutter_size=&#8220;3&#8243; column_width_percent=&#8220;100&#8243; shift_y=&#8220;0&#8243; z_index=&#8220;0&#8243;][vc_column column_width_percent=&#8220;100&#8243; gutter_size=&#8220;3&#8243; expand_height=&#8220;yes&#8220; overlay_alpha=&#8220;50&#8243; shift_x=&#8220;0&#8243; shift_y=&#8220;0&#8243; shift_y_down=&#8220;0&#8243; z_index=&#8220;0&#8243; medium_width=&#8220;0&#8243; mobile_width=&#8220;0&#8243; width=&#8220;1\/2&#8243;][vc_custom_heading text_size=&#8220;h5&#8243; text_weight=&#8220;700&#8243;]Kreditversichert. Aber trotzdem kein ausreichendes Limit?[\/vc_custom_heading][vc_column_text]Zeichnet Ihr Kreditversicherer ein ben\u00f6tigtes Limit nicht vollst\u00e4ndig? Wurde ein bestehendes Limit gerade reduziert? Erhalten Sie keine befristete, erg\u00e4nzende Absicherung f\u00fcr saisonale Spitzen? Wie auch immer, f\u00fcr Sie verbleibt eine beunruhigende Deckungsl\u00fccke. Das muss nicht sein.[\/vc_column_text][\/vc_column][vc_column column_width_percent=&#8220;100&#8243; gutter_size=&#8220;3&#8243; expand_height=&#8220;yes&#8220; overlay_alpha=&#8220;50&#8243; shift_x=&#8220;0&#8243; shift_y=&#8220;0&#8243; shift_y_down=&#8220;0&#8243; z_index=&#8220;0&#8243; medium_width=&#8220;0&#8243; mobile_width=&#8220;0&#8243; width=&#8220;1\/2&#8243;][vc_custom_heading text_size=&#8220;h5&#8243; text_weight=&#8220;700&#8243;]Die L\u00f6sung. Wir \u00fcbernehmen Ihr Ausfallrisiko. Sofort.[\/vc_custom_heading][vc_column_text uncode_shortcode_id=&#8220;418233&#8243;]Das Innovative daran: Sie k\u00f6nnen erstmalig bei uns eine Top-Up-Deckung f\u00fcr von Ihnen ausgew\u00e4hlte Einzelrisiken im In- und Ausland digital erg\u00e4nzen. Mit Entscheidungen i. d. R. binnen 2 Werktagen. Mit flexibler Laufzeit und zu fest kalkulierbaren Kosten i. H. v. 2,50% oder 2,85% p.a. netto auf die zugesagte Versicherungssumme.[\/vc_column_text][\/vc_column][\/vc_row][vc_row row_height_percent=&#8220;0&#8243; override_padding=&#8220;yes&#8220; h_padding=&#8220;2&#8243; top_padding=&#8220;2&#8243; bottom_padding=&#8220;3&#8243; overlay_alpha=&#8220;50&#8243; gutter_size=&#8220;3&#8243; column_width_percent=&#8220;100&#8243; shift_y=&#8220;0&#8243; z_index=&#8220;0&#8243;][vc_column column_width_percent=&#8220;100&#8243; align_horizontal=&#8220;align_center&#8220; gutter_size=&#8220;3&#8243; overlay_alpha=&#8220;50&#8243; shift_x=&#8220;0&#8243; shift_y=&#8220;0&#8243; shift_y_down=&#8220;0&#8243; z_index=&#8220;0&#8243; medium_width=&#8220;0&#8243; mobile_width=&#8220;0&#8243; width=&#8220;1\/4&#8243;][vc_button button_color=&#8220;accent&#8220; size=&#8220;btn-lg&#8220; radius=&#8220;btn-circle&#8220; border_width=&#8220;0&#8243; link=&#8220;url:https%3A%2F%2Fcrebita.de%2Fdie%2Fcore%2Fportal%2Fcrebita%2Fregister.html|title:Jetzt%20absichern|target:%20_blank|&#8220;]Jetzt absichern[\/vc_button][\/vc_column][\/vc_row][vc_row row_height_percent=&#8220;40&#8243; override_padding=&#8220;yes&#8220; h_padding=&#8220;2&#8243; top_padding=&#8220;6&#8243; bottom_padding=&#8220;5&#8243; back_color=&#8220;color-504064&#8243; back_image=&#8220;665&#8243; back_repeat=&#8220;no-repeat&#8220; back_position=&#8220;center top&#8220; parallax=&#8220;yes&#8220; overlay_color=&#8220;color-jevc&#8220; overlay_alpha=&#8220;50&#8243; gutter_size=&#8220;3&#8243; column_width_percent=&#8220;100&#8243; shift_y=&#8220;0&#8243; z_index=&#8220;0&#8243;][vc_column width=&#8220;1\/1&#8243;][vc_row_inner row_inner_height_percent=&#8220;0&#8243; overlay_alpha=&#8220;100&#8243; gutter_size=&#8220;4&#8243; shift_y=&#8220;0&#8243; limit_content=&#8220;&#8220;][vc_column_inner column_width_percent=&#8220;100&#8243; align_horizontal=&#8220;align_center&#8220; gutter_size=&#8220;3&#8243; style=&#8220;dark&#8220; overlay_alpha=&#8220;100&#8243; shift_x=&#8220;0&#8243; shift_y=&#8220;0&#8243; shift_y_down=&#8220;0&#8243; z_index=&#8220;0&#8243; medium_width=&#8220;3&#8243; mobile_width=&#8220;0&#8243; zoom_width=&#8220;0&#8243; zoom_height=&#8220;0&#8243; width=&#8220;1\/3&#8243;][vc_icon icon_image=&#8220;688&#8243; icon_color=&#8220;color-xsdn&#8220; text_weight=&#8220;400&#8243; text_reduced=&#8220;yes&#8220; align=&#8220;left&#8220; title=&#8220;Kostenfreie Registrierung&#8220;]Kosten erst mit verbindlicher Pr\u00fcfung. Keine Mindestabfragen.[\/vc_icon][\/vc_column_inner][vc_column_inner column_width_percent=&#8220;100&#8243; align_horizontal=&#8220;align_center&#8220; gutter_size=&#8220;3&#8243; style=&#8220;dark&#8220; overlay_alpha=&#8220;100&#8243; shift_x=&#8220;0&#8243; shift_y=&#8220;0&#8243; shift_y_down=&#8220;0&#8243; z_index=&#8220;0&#8243; medium_width=&#8220;3&#8243; mobile_width=&#8220;0&#8243; zoom_width=&#8220;0&#8243; zoom_height=&#8220;0&#8243; width=&#8220;1\/3&#8243;][vc_icon icon_image=&#8220;687&#8243; icon_color=&#8220;color-xsdn&#8220; text_weight=&#8220;400&#8243; text_reduced=&#8220;yes&#8220; align=&#8220;left&#8220; title=&#8220;Komfortable Mobilit\u00e4t&#8220;]Online Vertragsabschluss optimiert f\u00fcr alle modernen Mobilger\u00e4te.[\/vc_icon][\/vc_column_inner][vc_column_inner column_width_percent=&#8220;100&#8243; align_horizontal=&#8220;align_center&#8220; gutter_size=&#8220;3&#8243; style=&#8220;dark&#8220; overlay_alpha=&#8220;100&#8243; shift_x=&#8220;0&#8243; shift_y=&#8220;0&#8243; shift_y_down=&#8220;0&#8243; z_index=&#8220;0&#8243; medium_width=&#8220;3&#8243; mobile_width=&#8220;0&#8243; zoom_width=&#8220;0&#8243; zoom_height=&#8220;0&#8243; width=&#8220;1\/3&#8243;][vc_icon icon_image=&#8220;686&#8243; icon_color=&#8220;color-xsdn&#8220; text_weight=&#8220;400&#8243; text_reduced=&#8220;yes&#8220; align=&#8220;left&#8220; title=&#8220;H\u00f6chste Datensicherheit&#8220;]Zertifiziert nach ISO 27001 &#8211; unsere Garantie f\u00fcr h\u00f6chste Datensicherheit.[\/vc_icon][\/vc_column_inner][\/vc_row_inner][\/vc_column][\/vc_row][vc_row row_height_percent=&#8220;0&#8243; override_padding=&#8220;yes&#8220; h_padding=&#8220;2&#8243; top_padding=&#8220;4&#8243; bottom_padding=&#8220;2&#8243; overlay_alpha=&#8220;50&#8243; gutter_size=&#8220;3&#8243; column_width_percent=&#8220;100&#8243; shift_y=&#8220;0&#8243; z_index=&#8220;0&#8243;][vc_column width=&#8220;1\/1&#8243;][vc_custom_heading text_size=&#8220;h1&#8243; text_weight=&#8220;400&#8243;]<span style=\"color: #0ab4c7;\"><strong>Top-Up-Deckung f\u00fcr Ihre bestehende Kreditversicherung in wenigen Minuten online abschlie\u00dfen<\/strong><\/span> &#8211; unkompliziert &amp; flexibel[\/vc_custom_heading][\/vc_column][\/vc_row][vc_row row_height_percent=&#8220;0&#8243; overlay_alpha=&#8220;50&#8243; gutter_size=&#8220;3&#8243; column_width_percent=&#8220;100&#8243; shift_y=&#8220;0&#8243; z_index=&#8220;0&#8243;][vc_column width=&#8220;1\/2&#8243;][vc_icon position=&#8220;left&#8220; icon_image=&#8220;673&#8243; text_size=&#8220;h5&#8243; title=&#8220;Kostenlose Registrierung&#8220;]Registrieren Sie sich in wenigen Minuten. Einfach, kostenlos und ohne weitere Verpflichtung.[\/vc_icon][vc_icon position=&#8220;left&#8220; icon_image=&#8220;674&#8243; text_size=&#8220;h5&#8243; title=&#8220;Abnehmer pr\u00fcfen lassen&#8220;]Bestimmen Sie Ihre Einzelrisiken und die ben\u00f6tigte Versicherungssumme, beantworten Sie die Antragsfragen und lassen Sie Ihren Abnehmer auf Versicherbarkeit pr\u00fcfen.[\/vc_icon][vc_icon position=&#8220;left&#8220; icon_image=&#8220;675&#8243; text_size=&#8220;h5&#8243; title=&#8220;Schnelle Entscheidung&#8220; uncode_shortcode_id=&#8220;168943&#8243;]Sie erhalten eine Entscheidung \u00fcber die Versicherbarkeit Ihres Abnehmers i. d. R. binnen 2 Werktagen.[\/vc_icon][vc_icon position=&#8220;left&#8220; icon_image=&#8220;676&#8243; text_size=&#8220;h5&#8243; title=&#8220;Laufzeit und Selbstbehalt w\u00e4hlen&#8220;]W\u00e4hlen Sie bedarfsgerecht die Laufzeit und die H\u00f6he des Selbstbehalts f\u00fcr Ihren individuellen Kreditversicherungsschutz.[\/vc_icon][vc_icon position=&#8220;left&#8220; icon_image=&#8220;677&#8243; text_size=&#8220;h5&#8243; title=&#8220;Vertragsabschluss&#8220;]Nehmen Sie unser Angebot an, hinterlegen wir Ihren Vertrag automatisch in Ihrer crebita-Box und Sie sind versichert.[\/vc_icon][\/vc_column][vc_column column_width_percent=&#8220;100&#8243; position_vertical=&#8220;middle&#8220; gutter_size=&#8220;3&#8243; overlay_alpha=&#8220;50&#8243; shift_x=&#8220;0&#8243; shift_y=&#8220;0&#8243; shift_y_down=&#8220;0&#8243; z_index=&#8220;0&#8243; medium_width=&#8220;0&#8243; mobile_width=&#8220;0&#8243; width=&#8220;1\/2&#8243;][vc_single_image media=&#8220;847&#8243; media_width_percent=&#8220;100&#8243; alignment=&#8220;center&#8220;][\/vc_column][\/vc_row][vc_row][vc_column column_width_percent=&#8220;100&#8243; align_horizontal=&#8220;align_center&#8220; gutter_size=&#8220;3&#8243; overlay_alpha=&#8220;50&#8243; shift_x=&#8220;0&#8243; shift_y=&#8220;0&#8243; shift_y_down=&#8220;0&#8243; z_index=&#8220;0&#8243; medium_width=&#8220;0&#8243; mobile_width=&#8220;0&#8243; width=&#8220;1\/4&#8243;][vc_button button_color=&#8220;accent&#8220; size=&#8220;btn-lg&#8220; radius=&#8220;btn-circle&#8220; border_width=&#8220;0&#8243; link=&#8220;url:https%3A%2F%2Fwww.crebita.de%2Fdie%2Fcore%2Fportal%2Fcrebita%2Fregister.html|title:Jetzt%20absichern|target:%20_blank|&#8220;]Jetzt absichern[\/vc_button][\/vc_column][\/vc_row][vc_row][vc_column width=&#8220;1\/1&#8243;][vc_separator sep_color=&#8220;color-103283&#8243;][vc_custom_heading text_size=&#8220;h1&#8243; text_weight=&#8220;400&#8243;]Und im <span style=\"color: #0ab4c7;\"><strong>Schadenfall<\/strong><\/span>?[\/vc_custom_heading][vc_column_text]\u2026k\u00f6nnen Sie sich auf die <strong><span style=\"color: #0ab4c7;\">digitale Top-Up-Deckung von crebita<\/span><\/strong> verlassen. Senden Sie uns einfach alle relevanten Unterlagen und Ihr Schaden wird in H\u00f6he des versicherten Ausfalls reguliert.[\/vc_column_text][vc_column_text text_lead=&#8220;yes&#8220;]<strong><a href=\"https:\/\/crebita.de\/web\/faq\/\"><span style=\"color: #727272;\">Erfahren Sie mehr in unseren<\/span> <u>FAQ<\/u><\/a><\/strong>.[\/vc_column_text][\/vc_column][\/vc_row]<\/p>\n<\/section>","protected":false},"excerpt":{"rendered":"<p>[vc_row row_height_percent=&#8220;0&#8243; override_padding=&#8220;yes&#8220; h_padding=&#8220;2&#8243; top_padding=&#8220;3&#8243; bottom_padding=&#8220;3&#8243; back_color=&#8220;color-504064&#8243; back_image=&#8220;595&#8243; overlay_alpha=&#8220;50&#8243; gutter_size=&#8220;3&#8243; column_width_percent=&#8220;100&#8243; shift_y=&#8220;0&#8243; z_index=&#8220;0&#8243;][vc_column column_width_percent=&#8220;100&#8243; position_vertical=&#8220;middle&#8220; gutter_size=&#8220;3&#8243; style=&#8220;dark&#8220; overlay_alpha=&#8220;50&#8243; shift_x=&#8220;0&#8243; shift_y=&#8220;0&#8243; [&hellip;]<\/p>\n","protected":false},"author":2,"featured_media":0,"parent":0,"menu_order":0,"comment_status":"closed","ping_status":"closed","template":"","meta":[],"_links":{"self":[{"href":"https:\/\/crebita.de\/web\/wp-json\/wp\/v2\/pages\/843"}],"collection":[{"href":"https:\/\/crebita.de\/web\/wp-json\/wp\/v2\/pages"}],"about":[{"href":"https:\/\/crebita.de\/web\/wp-json\/wp\/v2\/types\/page"}],"author":[{"embeddable":true,"href":"https:\/\/crebita.de\/web\/wp-json\/wp\/v2\/users\/2"}],"replies":[{"embeddable":true,"href":"https:\/\/crebita.de\/web\/wp-json\/wp\/v2\/comments?post=843"}],"version-history":[{"count":34,"href":"https:\/\/crebita.de\/web\/wp-json\/wp\/v2\/pages\/843\/revisions"}],"predecessor-version":[{"id":1862,"href":"https:\/\/crebita.de\/web\/wp-json\/wp\/v2\/pages\/843\/revisions\/1862"}],"wp:attachment":[{"href":"https:\/\/crebita.de\/web\/wp-json\/wp\/v2\/media?parent=843"}],"curies":[{"name":"wp","href":"https:\/\/api.w.org\/{rel}","templated":true}]}}