{"id":10,"date":"2018-02-14T17:03:03","date_gmt":"2018-02-14T16:03:03","guid":{"rendered":"https:\/\/crebita.de\/web\/?page_id=10"},"modified":"2025-12-03T11:47:35","modified_gmt":"2025-12-03T10:47:35","slug":"kreditversicherung","status":"publish","type":"page","link":"https:\/\/crebita.de\/web\/","title":{"rendered":"crebita home"},"content":{"rendered":"<section class=\"wpb-content-wrapper\"><p>[vc_row row_height_percent=&#8220;0&#8243; override_padding=&#8220;yes&#8220; h_padding=&#8220;2&#8243; top_padding=&#8220;3&#8243; bottom_padding=&#8220;3&#8243; back_color=&#8220;color-504064&#8243; back_image=&#8220;595&#8243; overlay_alpha=&#8220;50&#8243; gutter_size=&#8220;3&#8243; column_width_percent=&#8220;100&#8243; shift_y=&#8220;0&#8243; z_index=&#8220;0&#8243;][vc_column column_width_percent=&#8220;100&#8243; gutter_size=&#8220;3&#8243; style=&#8220;dark&#8220; overlay_alpha=&#8220;50&#8243; shift_x=&#8220;0&#8243; shift_y=&#8220;0&#8243; shift_y_down=&#8220;0&#8243; z_index=&#8220;0&#8243; medium_width=&#8220;0&#8243; mobile_width=&#8220;0&#8243; width=&#8220;1\/2&#8243;][vc_custom_heading heading_semantic=&#8220;p&#8220; text_weight=&#8220;400&#8243;]Der <strong><span style=\"color: #0ab4c7;\">neue Schutz<\/span><\/strong> vor Forderungsausfall f\u00fcr Ihr Unternehmen[\/vc_custom_heading][\/vc_column][vc_column column_width_percent=&#8220;100&#8243; gutter_size=&#8220;3&#8243; style=&#8220;dark&#8220; overlay_alpha=&#8220;50&#8243; shift_x=&#8220;0&#8243; shift_y=&#8220;0&#8243; shift_y_down=&#8220;0&#8243; z_index=&#8220;0&#8243; medium_width=&#8220;0&#8243; mobile_width=&#8220;0&#8243; width=&#8220;1\/2&#8243;][vc_column_text]Forderungsausf\u00e4lle sind heute die Ursache f\u00fcr jede dritte Firmeninsolvenz in Deutschland. Sch\u00fctzen Sie die Existenz Ihres Unternehmens mit den neuen Warenkreditversicherungen von <strong>crebita<\/strong> und versichern Sie in wenigen Minuten Ihre zuk\u00fcnftigen Forderungen gegen Kunden im In- und Ausland.<\/p>\n<p><strong>Planen Sie Ihr Risiko. Sichern Sie Ihre Liquidit\u00e4t. Steigern Sie Ihren Erfolg.<\/strong>[\/vc_column_text][\/vc_column][\/vc_row][vc_row row_height_percent=&#8220;0&#8243; back_color=&#8220;accent&#8220; overlay_alpha=&#8220;50&#8243; gutter_size=&#8220;3&#8243; column_width_percent=&#8220;100&#8243; shift_y=&#8220;0&#8243; z_index=&#8220;0&#8243; enable_bottom_divider=&#8220;default&#8220; bottom_divider_inv=&#8220;triangle&#8220; shape_bottom_invert=&#8220;yes&#8220; shape_bottom_h_use_pixel=&#8220;true&#8220; shape_bottom_height_percent=&#8220;70&#8243; shape_bottom_color=&#8220;color-xsdn&#8220; shape_bottom_opacity=&#8220;100&#8243; shape_bottom_index=&#8220;0&#8243;][vc_column width=&#8220;1\/1&#8243;][\/vc_column][\/vc_row][vc_row row_height_percent=&#8220;0&#8243; override_padding=&#8220;yes&#8220; h_padding=&#8220;2&#8243; top_padding=&#8220;4&#8243; bottom_padding=&#8220;4&#8243; overlay_alpha=&#8220;50&#8243; gutter_size=&#8220;3&#8243; column_width_percent=&#8220;100&#8243; shift_y=&#8220;0&#8243; z_index=&#8220;0&#8243;][vc_column width=&#8220;1\/2&#8243;][vc_single_image media=&#8220;892&#8243; media_width_use_pixel=&#8220;yes&#8220; media_width_pixel=&#8220;280&#8243;][vc_custom_heading text_color=&#8220;color-504064&#8243; text_size=&#8220;h5&#8243; sub_lead=&#8220;yes&#8220;]Digitale Kreditversicherung f\u00fcr Einzelrisiken[\/vc_custom_heading][vc_icon position=&#8220;left&#8220; icon_image=&#8220;719&#8243; heading_semantic=&#8220;p&#8220; text_size=&#8220;h5&#8243; title=&#8220;Forderungen gegen selbst ausgew\u00e4hlte Kunden absichern&#8220;][\/vc_icon][vc_icon position=&#8220;left&#8220; icon_image=&#8220;719&#8243; heading_semantic=&#8220;p&#8220; text_size=&#8220;h5&#8243; title=&#8220;bis 150.000 \u20ac Entscheidungen in Echtzeit, dar\u00fcber i. d. R. binnen 2 Werktagen&#8220; uncode_shortcode_id=&#8220;111033&#8243;][\/vc_icon][vc_icon position=&#8220;left&#8220; icon_image=&#8220;719&#8243; heading_semantic=&#8220;p&#8220; text_size=&#8220;h5&#8243; title=&#8220;abgelehnte Entscheidungen eines Erstversicherers i.d.R. binnen 2 Werktagen&#8220;][\/vc_icon][vc_icon position=&#8220;left&#8220; icon_image=&#8220;719&#8243; heading_semantic=&#8220;p&#8220; text_size=&#8220;h5&#8243; title=&#8220;flexible Vertragslaufzeiten und K\u00fcndigungsfristen&#8220;][\/vc_icon][vc_icon position=&#8220;left&#8220; icon_image=&#8220;719&#8243; heading_semantic=&#8220;p&#8220; text_size=&#8220;h5&#8243; title=&#8220;Entsch\u00e4digungsleistung abtretbar an Bank oder Factor&#8220;][\/vc_icon][vc_icon position=&#8220;left&#8220; icon_image=&#8220;719&#8243; heading_semantic=&#8220;p&#8220; text_size=&#8220;h5&#8243; title=&#8220;z.B. 50.000 \u20ac Limit schon ab 200 \u20ac Pr\u00e4mie&#8220;][\/vc_icon][vc_row_inner limit_content=&#8220;&#8220;][vc_column_inner column_width_percent=&#8220;100&#8243; position_horizontal=&#8220;left&#8220; align_horizontal=&#8220;align_center&#8220; gutter_size=&#8220;3&#8243; overlay_alpha=&#8220;50&#8243; shift_x=&#8220;0&#8243; shift_y=&#8220;0&#8243; shift_y_down=&#8220;0&#8243; z_index=&#8220;0&#8243; medium_width=&#8220;0&#8243; mobile_width=&#8220;0&#8243; width=&#8220;1\/3&#8243;][vc_button button_color=&#8220;accent&#8220; radius=&#8220;btn-circle&#8220; border_width=&#8220;0&#8243; display=&#8220;inline&#8220; link=&#8220;url:https%3A%2F%2Fwww.crebita.de%2Fdie%2Fcore%2Fportal%2Fcrebita%2Fregister.html|title:Jetzt%20absichern|target:%20_blank|&#8220; width=&#8220;200&#8243;]Jetzt absichern[\/vc_button][vc_button button_color=&#8220;color-183878&#8243; radius=&#8220;btn-circle&#8220; border_width=&#8220;0&#8243; display=&#8220;inline&#8220; link=&#8220;url:https%3A%2F%2Fcrebita.de%2Fweb%2Fcrebita-select%2F|title:mehr%20erfahren%20&#8230;&#8220; width=&#8220;185&#8243;]Mehr erfahren[\/vc_button][\/vc_column_inner][\/vc_row_inner][\/vc_column][vc_column width=&#8220;1\/2&#8243;][vc_single_image media=&#8220;891&#8243; media_width_use_pixel=&#8220;yes&#8220; media_width_pixel=&#8220;280&#8243;][vc_custom_heading text_color=&#8220;color-504064&#8243; text_size=&#8220;h5&#8243; sub_lead=&#8220;yes&#8220;]Digitale Top-Up-Deckung f\u00fcr Einzelrisiken[\/vc_custom_heading][vc_icon position=&#8220;left&#8220; icon_image=&#8220;719&#8243; heading_semantic=&#8220;p&#8220; text_size=&#8220;h5&#8243; title=&#8220;erg\u00e4nzt unzureichende Limite Ihrer Kreditversicherung&#8220;][\/vc_icon][vc_icon position=&#8220;left&#8220; icon_image=&#8220;719&#8243; heading_semantic=&#8220;p&#8220; text_size=&#8220;h5&#8243; title=&#8220;Entscheidungen i. d. R. binnen 2 Werktagen&#8220; uncode_shortcode_id=&#8220;762439&#8243;][\/vc_icon][vc_icon position=&#8220;left&#8220; icon_image=&#8220;719&#8243; heading_semantic=&#8220;p&#8220; text_size=&#8220;h5&#8243; title=&#8220;\u00dcbernahme der Versicherungsfall-Definition des Erstversicherungsvertrags&#8220;][\/vc_icon][vc_icon position=&#8220;left&#8220; icon_image=&#8220;719&#8243; heading_semantic=&#8220;p&#8220; text_size=&#8220;h5&#8243; title=&#8220;flexible Vertragslaufzeiten und K\u00fcndigungsfristen&#8220;][\/vc_icon][vc_icon position=&#8220;left&#8220; icon_image=&#8220;719&#8243; heading_semantic=&#8220;p&#8220; text_size=&#8220;h5&#8243; title=&#8220;Entsch\u00e4digungsleistung abtretbar an Bank oder Factor&#8220;][\/vc_icon][vc_icon position=&#8220;left&#8220; icon_image=&#8220;719&#8243; heading_semantic=&#8220;p&#8220; text_size=&#8220;h5&#8243; title=&#8220;feste Limit-Pr\u00e4mie i. H. v. 2,50% oder 2,85% p.a. netto&#8220; uncode_shortcode_id=&#8220;178219&#8243;]&nbsp;[\/vc_icon][vc_row_inner row_inner_height_percent=&#8220;0&#8243; overlay_alpha=&#8220;50&#8243; gutter_size=&#8220;0&#8243; shift_y=&#8220;0&#8243; z_index=&#8220;0&#8243; limit_content=&#8220;&#8220;][vc_column_inner column_width_percent=&#8220;100&#8243; align_horizontal=&#8220;align_center&#8220; gutter_size=&#8220;3&#8243; overlay_alpha=&#8220;50&#8243; shift_x=&#8220;0&#8243; shift_y=&#8220;0&#8243; shift_y_down=&#8220;0&#8243; z_index=&#8220;0&#8243; medium_width=&#8220;0&#8243; mobile_width=&#8220;0&#8243; width=&#8220;1\/3&#8243;][vc_button button_color=&#8220;accent&#8220; radius=&#8220;btn-circle&#8220; border_width=&#8220;0&#8243; display=&#8220;inline&#8220; link=&#8220;url:https%3A%2F%2Fwww.crebita.de%2Fdie%2Fcore%2Fportal%2Fcrebita%2Fregister.html|title:Jetzt%20absichern||&#8220; width=&#8220;200&#8243;]Jetzt absichern[\/vc_button][vc_button button_color=&#8220;color-183878&#8243; radius=&#8220;btn-circle&#8220; border_width=&#8220;0&#8243; display=&#8220;inline&#8220; link=&#8220;url:https%3A%2F%2Fcrebita.de%2Fweb%2Fcrebita-plus%2F|title:mehr%20erfahren%20&#8230;&#8220; width=&#8220;185&#8243;]Mehr erfahren[\/vc_button][\/vc_column_inner][\/vc_row_inner][\/vc_column][\/vc_row][vc_row row_height_percent=&#8220;40&#8243; override_padding=&#8220;yes&#8220; h_padding=&#8220;2&#8243; top_padding=&#8220;6&#8243; bottom_padding=&#8220;5&#8243; back_color=&#8220;color-504064&#8243; back_image=&#8220;1254&#8243; back_repeat=&#8220;no-repeat&#8220; back_position=&#8220;center center&#8220; parallax=&#8220;yes&#8220; overlay_color=&#8220;color-jevc&#8220; overlay_alpha=&#8220;40&#8243; gutter_size=&#8220;3&#8243; column_width_percent=&#8220;100&#8243; shift_y=&#8220;0&#8243; z_index=&#8220;0&#8243;][vc_column width=&#8220;1\/1&#8243;][vc_row_inner row_inner_height_percent=&#8220;0&#8243; overlay_alpha=&#8220;100&#8243; gutter_size=&#8220;4&#8243; shift_y=&#8220;0&#8243; limit_content=&#8220;&#8220;][vc_column_inner column_width_percent=&#8220;100&#8243; align_horizontal=&#8220;align_center&#8220; gutter_size=&#8220;3&#8243; style=&#8220;dark&#8220; overlay_alpha=&#8220;100&#8243; shift_x=&#8220;0&#8243; shift_y=&#8220;0&#8243; shift_y_down=&#8220;0&#8243; z_index=&#8220;0&#8243; medium_width=&#8220;3&#8243; mobile_width=&#8220;0&#8243; zoom_width=&#8220;0&#8243; zoom_height=&#8220;0&#8243; width=&#8220;1\/3&#8243;][vc_icon icon_image=&#8220;688&#8243; icon_color=&#8220;color-xsdn&#8220; text_weight=&#8220;400&#8243; text_reduced=&#8220;yes&#8220; align=&#8220;left&#8220; title=&#8220;Kostenfreie Registrierung&#8220;]Kosten erst mit verbindlicher Pr\u00fcfung. Keine Mindestabfragen.[\/vc_icon][\/vc_column_inner][vc_column_inner column_width_percent=&#8220;100&#8243; align_horizontal=&#8220;align_center&#8220; gutter_size=&#8220;3&#8243; style=&#8220;dark&#8220; overlay_alpha=&#8220;100&#8243; shift_x=&#8220;0&#8243; shift_y=&#8220;0&#8243; shift_y_down=&#8220;0&#8243; z_index=&#8220;0&#8243; medium_width=&#8220;3&#8243; mobile_width=&#8220;0&#8243; zoom_width=&#8220;0&#8243; zoom_height=&#8220;0&#8243; width=&#8220;1\/3&#8243;][vc_icon icon_image=&#8220;687&#8243; icon_color=&#8220;color-xsdn&#8220; text_weight=&#8220;400&#8243; text_reduced=&#8220;yes&#8220; align=&#8220;left&#8220; title=&#8220;Komfortable Mobilit\u00e4t&#8220;]Online Vertragsabschluss optimiert f\u00fcr alle modernen Mobilger\u00e4te.[\/vc_icon][\/vc_column_inner][vc_column_inner column_width_percent=&#8220;100&#8243; align_horizontal=&#8220;align_center&#8220; gutter_size=&#8220;3&#8243; style=&#8220;dark&#8220; overlay_alpha=&#8220;100&#8243; shift_x=&#8220;0&#8243; shift_y=&#8220;0&#8243; shift_y_down=&#8220;0&#8243; z_index=&#8220;0&#8243; medium_width=&#8220;3&#8243; mobile_width=&#8220;0&#8243; zoom_width=&#8220;0&#8243; zoom_height=&#8220;0&#8243; width=&#8220;1\/3&#8243;][vc_icon icon_image=&#8220;686&#8243; icon_color=&#8220;color-xsdn&#8220; text_weight=&#8220;400&#8243; text_reduced=&#8220;yes&#8220; align=&#8220;left&#8220; title=&#8220;H\u00f6chste Datensicherheit&#8220;]Zertifiziert nach ISO 27001 &#8211; unsere Garantie f\u00fcr h\u00f6chste Datensicherheit.[\/vc_icon][\/vc_column_inner][\/vc_row_inner][\/vc_column][\/vc_row][vc_row row_height_percent=&#8220;0&#8243; override_padding=&#8220;yes&#8220; h_padding=&#8220;2&#8243; top_padding=&#8220;4&#8243; bottom_padding=&#8220;2&#8243; overlay_alpha=&#8220;50&#8243; gutter_size=&#8220;3&#8243; column_width_percent=&#8220;100&#8243; shift_y=&#8220;0&#8243; z_index=&#8220;0&#8243;][vc_column width=&#8220;1\/1&#8243;][vc_custom_heading text_size=&#8220;h1&#8243; text_weight=&#8220;400&#8243;]<span style=\"color: #0ab4c7;\"><strong>Online kreditversichert in wenigen Minuten<\/strong><\/span> &#8211; unkompliziert und flexibel[\/vc_custom_heading][\/vc_column][\/vc_row][vc_row row_height_percent=&#8220;0&#8243; overlay_alpha=&#8220;50&#8243; gutter_size=&#8220;3&#8243; column_width_percent=&#8220;100&#8243; shift_y=&#8220;0&#8243; z_index=&#8220;0&#8243;][vc_column column_width_percent=&#8220;100&#8243; gutter_size=&#8220;3&#8243; overlay_alpha=&#8220;50&#8243; shift_x=&#8220;0&#8243; shift_y=&#8220;0&#8243; shift_y_down=&#8220;0&#8243; z_index=&#8220;0&#8243; medium_width=&#8220;0&#8243; mobile_width=&#8220;0&#8243; width=&#8220;1\/2&#8243;][vc_icon position=&#8220;left&#8220; icon_image=&#8220;673&#8243; text_size=&#8220;h5&#8243; title=&#8220;Kostenlose Registrierung&#8220;]Registrieren Sie sich in wenigen Minuten. Einfach, kostenlos und ohne weitere Verpflichtung.[\/vc_icon][vc_icon position=&#8220;left&#8220; icon_image=&#8220;674&#8243; text_size=&#8220;h5&#8243; title=&#8220;Abnehmer pr\u00fcfen lassen&#8220;]Bestimmen Sie Ihre Einzelrisiken und die ben\u00f6tigte Versicherungssumme, beantworten Sie die Antragsfragen und lassen Sie Ihren Abnehmer auf Versicherbarkeit pr\u00fcfen.[\/vc_icon][vc_icon position=&#8220;left&#8220; icon_image=&#8220;675&#8243; text_size=&#8220;h5&#8243; title=&#8220;Schnelle Entscheidung&#8220;]Sie erhalten eine Entscheidung \u00fcber die Versicherbarkeit Ihres Abnehmers in Echtzeit, maximal binnen 2 Werktagen.[\/vc_icon][vc_icon position=&#8220;left&#8220; icon_image=&#8220;676&#8243; text_size=&#8220;h5&#8243; title=&#8220;Laufzeit und Selbstbehalt w\u00e4hlen&#8220;]W\u00e4hlen Sie bedarfsgerecht die Laufzeit und die H\u00f6he des Selbstbehalts f\u00fcr Ihren individuellen Kreditversicherungsschutz.[\/vc_icon][vc_icon position=&#8220;left&#8220; icon_image=&#8220;677&#8243; text_size=&#8220;h5&#8243; title=&#8220;Vertragsabschluss&#8220;]Nehmen Sie unser Angebot an, hinterlegen wir Ihren Vertrag automatisch in Ihrer crebita-Box und Sie sind versichert.[\/vc_icon][vc_icon position=&#8220;left&#8220; icon_image=&#8220;906&#8243; icon_color=&#8220;color-517345&#8243; text_size=&#8220;h5&#8243; linked_title=&#8220;yes&#8220; text_lead=&#8220;yes&#8220; title=&#8220;Erfahren Sie mehr in unseren <span style=``color:#0ab4c7``><u>FAQ<\/u><\/span>.&#8220; link=&#8220;url:https%3A%2F%2Fcrebita.de%2Fweb%2Ffaq%2F|title:FAQ&#8220;][\/vc_icon][\/vc_column][vc_column column_width_percent=&#8220;100&#8243; position_vertical=&#8220;middle&#8220; gutter_size=&#8220;3&#8243; overlay_alpha=&#8220;50&#8243; shift_x=&#8220;0&#8243; shift_y=&#8220;0&#8243; shift_y_down=&#8220;0&#8243; z_index=&#8220;0&#8243; medium_width=&#8220;0&#8243; mobile_width=&#8220;0&#8243; width=&#8220;1\/2&#8243;][vc_single_image media=&#8220;708&#8243; media_width_percent=&#8220;100&#8243; alignment=&#8220;center&#8220;][\/vc_column][\/vc_row][vc_row row_height_percent=&#8220;0&#8243; override_padding=&#8220;yes&#8220; h_padding=&#8220;2&#8243; top_padding=&#8220;1&#8243; bottom_padding=&#8220;6&#8243; overlay_alpha=&#8220;50&#8243; gutter_size=&#8220;3&#8243; column_width_percent=&#8220;100&#8243; shift_y=&#8220;0&#8243; z_index=&#8220;0&#8243;][vc_column column_width_percent=&#8220;100&#8243; align_horizontal=&#8220;align_center&#8220; gutter_size=&#8220;3&#8243; overlay_alpha=&#8220;50&#8243; shift_x=&#8220;0&#8243; shift_y=&#8220;0&#8243; shift_y_down=&#8220;0&#8243; z_index=&#8220;0&#8243; medium_width=&#8220;0&#8243; mobile_width=&#8220;0&#8243; width=&#8220;1\/1&#8243;][vc_button button_color=&#8220;accent&#8220; size=&#8220;btn-lg&#8220; radius=&#8220;btn-circle&#8220; border_width=&#8220;0&#8243; link=&#8220;url:https%3A%2F%2Fwww.crebita.de%2Fdie%2Fcore%2Fportal%2Fcrebita%2Fregister.html|title:Jetzt%20absichern||&#8220; width=&#8220;155&#8243;]Jetzt absichern[\/vc_button][\/vc_column][\/vc_row]<\/p>\n<\/section>","protected":false},"excerpt":{"rendered":"<p>[vc_row row_height_percent=&#8220;0&#8243; override_padding=&#8220;yes&#8220; h_padding=&#8220;2&#8243; top_padding=&#8220;3&#8243; bottom_padding=&#8220;3&#8243; back_color=&#8220;color-504064&#8243; back_image=&#8220;595&#8243; overlay_alpha=&#8220;50&#8243; gutter_size=&#8220;3&#8243; column_width_percent=&#8220;100&#8243; shift_y=&#8220;0&#8243; z_index=&#8220;0&#8243;][vc_column column_width_percent=&#8220;100&#8243; gutter_size=&#8220;3&#8243; style=&#8220;dark&#8220; overlay_alpha=&#8220;50&#8243; shift_x=&#8220;0&#8243; shift_y=&#8220;0&#8243; shift_y_down=&#8220;0&#8243; [&hellip;]<\/p>\n","protected":false},"author":2,"featured_media":0,"parent":0,"menu_order":0,"comment_status":"closed","ping_status":"closed","template":"","meta":[],"_links":{"self":[{"href":"https:\/\/crebita.de\/web\/wp-json\/wp\/v2\/pages\/10"}],"collection":[{"href":"https:\/\/crebita.de\/web\/wp-json\/wp\/v2\/pages"}],"about":[{"href":"https:\/\/crebita.de\/web\/wp-json\/wp\/v2\/types\/page"}],"author":[{"embeddable":true,"href":"https:\/\/crebita.de\/web\/wp-json\/wp\/v2\/users\/2"}],"replies":[{"embeddable":true,"href":"https:\/\/crebita.de\/web\/wp-json\/wp\/v2\/comments?post=10"}],"version-history":[{"count":189,"href":"https:\/\/crebita.de\/web\/wp-json\/wp\/v2\/pages\/10\/revisions"}],"predecessor-version":[{"id":1868,"href":"https:\/\/crebita.de\/web\/wp-json\/wp\/v2\/pages\/10\/revisions\/1868"}],"wp:attachment":[{"href":"https:\/\/crebita.de\/web\/wp-json\/wp\/v2\/media?parent=10"}],"curies":[{"name":"wp","href":"https:\/\/api.w.org\/{rel}","templated":true}]}}